{"id":2378,"date":"2022-04-12T19:42:43","date_gmt":"2022-04-12T19:42:43","guid":{"rendered":"https:\/\/advice1.de\/?page_id=2378"},"modified":"2023-05-31T09:40:05","modified_gmt":"2023-05-31T09:40:05","slug":"data-analytics","status":"publish","type":"page","link":"https:\/\/advice1.de\/index.php\/data-analytics\/","title":{"rendered":"Data Analytics"},"content":{"rendered":"<p>[et_pb_section fb_built=&#8220;1&#8243; fullwidth=&#8220;on&#8220; admin_label=&#8220;Galerei&#8220; _builder_version=&#8220;4.17.3&#8243; _module_preset=&#8220;default&#8220; global_colors_info=&#8220;{}&#8220;][et_pb_fullwidth_image src=&#8220;https:\/\/advice1.de\/wp-content\/uploads\/2023\/01\/Data-Analytics-200.jpg&#8220; title_text=&#8220;Data-Analytics-200&#8243; _builder_version=&#8220;4.17.3&#8243; _module_preset=&#8220;default&#8220; global_colors_info=&#8220;{}&#8220;][\/et_pb_fullwidth_image][\/et_pb_section][et_pb_section fb_built=&#8220;1&#8243; custom_padding_last_edited=&#8220;on|desktop&#8220; admin_label=&#8220;section&#8220; module_id=&#8220;start&#8220; _builder_version=&#8220;4.16&#8243; background_color=&#8220;rgba(255,255,255,0)&#8220; custom_padding=&#8220;50px||25px|&#8220; custom_padding_tablet=&#8220;50px|0|50px|0&#8243; custom_padding_phone=&#8220;&#8220; animation_style=&#8220;fade&#8220; transparent_background=&#8220;on&#8220; global_colors_info=&#8220;{}&#8220;][et_pb_row column_padding_mobile=&#8220;on&#8220; admin_label=&#8220;row&#8220; _builder_version=&#8220;4.16&#8243; background_size=&#8220;initial&#8220; background_position=&#8220;top_left&#8220; background_repeat=&#8220;repeat&#8220; custom_padding=&#8220;||0px|&#8220; global_colors_info=&#8220;{}&#8220;][et_pb_column type=&#8220;4_4&#8243; _builder_version=&#8220;4.16&#8243; custom_padding=&#8220;|||&#8220; global_colors_info=&#8220;{}&#8220; custom_padding__hover=&#8220;|||&#8220;][et_pb_text admin_label=&#8220;Titel Actuarial Consulting&#8220; _builder_version=&#8220;4.16&#8243; border_style=&#8220;solid&#8220; global_colors_info=&#8220;{}&#8220;]<\/p>\n<h1><span style=\"color: #001000; font-size: xx-large;\">Data Analytics<\/span> <img loading=\"lazy\" class=\"alignnone size-full wp-image-2371\" src=\"https:\/\/advice1.de\/wp-content\/uploads\/2022\/04\/Icon_Data_Analytics_Advice1.jpg\" alt=\"\" width=\"64\" height=\"70\" \/><\/h1>\n<p>[\/et_pb_text][\/et_pb_column][\/et_pb_row][et_pb_row column_padding_mobile=&#8220;on&#8220; custom_padding_last_edited=&#8220;on|phone&#8220; admin_label=&#8220;row&#8220; _builder_version=&#8220;4.17.3&#8243; background_size=&#8220;initial&#8220; background_position=&#8220;top_left&#8220; background_repeat=&#8220;repeat&#8220; custom_padding=&#8220;45px||0px||false|false&#8220; custom_padding_tablet=&#8220;&#8220; custom_padding_phone=&#8220;0px||0px|&#8220; hover_enabled=&#8220;0&#8243; global_colors_info=&#8220;{}&#8220; custom_margin=&#8220;||||false|false&#8220; sticky_enabled=&#8220;0&#8243;][et_pb_column type=&#8220;4_4&#8243; _builder_version=&#8220;4.16&#8243; custom_padding=&#8220;|||&#8220; global_colors_info=&#8220;{}&#8220; custom_padding__hover=&#8220;|||&#8220;][et_pb_text _builder_version=&#8220;4.17.3&#8243; border_style=&#8220;solid&#8220; global_colors_info=&#8220;{}&#8220;]<\/p>\n<p><strong>Nie dagewesene Datenmengen bieten neben neuen Herausforderungen auch enorme Chancen.<\/strong><\/p>\n<p>Bislang wurden die Daten f\u00fcr Schadensprojektion, Berichterstattung und Risk-Management verwendet. Doch was ist mit ganz neuen M\u00f6glichkeiten wie Insuretech, Data Lakes und k\u00fcnstlicher Intelligenz? Die modernen Methoden der k\u00fcnstlichen Intelligenz zum Beispiel bieten ganz neue Ans\u00e4tze und Antworten auf vielf\u00e4ltige Fragen.<\/p>\n<p>In diesen Bereichen k\u00f6nnen wie Sie unterst\u00fctzen:<\/p>\n<p>[\/et_pb_text][et_pb_accordion toggle_icon=&#8220;&#xe050;||divi||400&#8243; icon_color=&#8220;#4a802d&#8220; use_icon_font_size=&#8220;on&#8220; icon_font_size=&#8220;28px&#8220; _builder_version=&#8220;4.17.3&#8243; _module_preset=&#8220;default&#8220; toggle_level=&#8220;h4&#8243; toggle_font=&#8220;|600|||||||&#8220; custom_margin=&#8220;||0px||false|false&#8220; custom_padding=&#8220;||||false|false&#8220; hover_enabled=&#8220;0&#8243; global_colors_info=&#8220;{}&#8220; sticky_enabled=&#8220;0&#8243;][et_pb_accordion_item title=&#8220;Data-Analytics-Projekte&#8220; open=&#8220;off&#8220; _builder_version=&#8220;4.17.3&#8243; _module_preset=&#8220;default&#8220; global_colors_info=&#8220;{}&#8220;]<img loading=\"lazy\" src=\"https:\/\/advice1.de\/wp-content\/uploads\/2022\/07\/Icon-leisutngsangebot-Data-Analytics-B.png\" width=\"158\" height=\"70\" alt=\"\" class=\"wp-image-2490 alignnone size-full\" \/><br \/>\nWir unterst\u00fctzen Sie bei der Auswahl geeigneter Verfahren, erstellen Fachkonzepte und stellen die aufbereiteten Ergebnisse bereit.[\/et_pb_accordion_item][et_pb_accordion_item title=&#8220;Fachliche Controlling-Tools&#8220; _builder_version=&#8220;4.17.3&#8243; _module_preset=&#8220;default&#8220; global_colors_info=&#8220;{}&#8220; open=&#8220;off&#8220;]<img loading=\"lazy\" src=\"https:\/\/advice1.de\/wp-content\/uploads\/2022\/07\/Icon-leisutngsangebot-Data-Analytics-B.png\" width=\"158\" height=\"70\" alt=\"\" class=\"wp-image-2490 alignnone size-full\" \/><br \/>\nWir unterst\u00fctzen Sie mit Neugesch\u00e4fts- und Leistungscontrolling und liefern Kennzahlen wie zum Beispiel die Storno-, die Sterblichkeits- und die BU-Quote. Dar\u00fcber hinaus \u00fcberpr\u00fcfen wir die ETL-Prozesse.[\/et_pb_accordion_item][et_pb_accordion_item title=&#8220;Verbesserung der Datenqualit\u00e4t&#8220; _builder_version=&#8220;4.17.3&#8243; _module_preset=&#8220;default&#8220; custom_margin=&#8220;||||false|false&#8220; global_colors_info=&#8220;{}&#8220; open=&#8220;off&#8220;]<img loading=\"lazy\" src=\"https:\/\/advice1.de\/wp-content\/uploads\/2022\/07\/Icon-leisutngsangebot-Data-Analytics-B.png\" width=\"158\" height=\"70\" alt=\"\" class=\"wp-image-2490 alignnone size-full\" \/><br \/>\nWir decken Inkonsistenzen in Ihren Daten auf, bereinigen diese und sch\u00e4tzen Missing-Values. F\u00fcr die Extraktion von Daten und Erkenntnissen aus dem Schriftverkehr setzen wir eine Texterkennungssoftware ein.[\/et_pb_accordion_item][et_pb_accordion_item title=&#8220;Datenschutz&#8220; icon_color=&#8220;#aad03f&#8220; _builder_version=&#8220;4.17.3&#8243; _module_preset=&#8220;default&#8220; custom_margin=&#8220;||80px||false|false&#8220; global_colors_info=&#8220;{}&#8220; open=&#8220;on&#8220;]<img loading=\"lazy\" src=\"https:\/\/advice1.de\/wp-content\/uploads\/2022\/07\/Icon-leisutngsangebot-Data-Analytics-C2.png\" width=\"158\" height=\"70\" alt=\"\" class=\"wp-image-2492 alignnone size-full\" \/><br \/>\nDer Datenschutz spielt eine immer wichtigere Rolle. Im Vorfeld kl\u00e4ren wir, ob ein Vorhaben im Hinblick auf den Datenschutz umsetzbar ist und achten w\u00e4hrend der Projektlaufzeit auf die Einhaltung der DSGVO und des EU-Rechts.[\/et_pb_accordion_item][\/et_pb_accordion][et_pb_text admin_label=&#8220;Slogan&#8220; _builder_version=&#8220;4.17.3&#8243; custom_margin=&#8220;-37px||||false|false&#8220; custom_padding=&#8220;||0px|||&#8220; hover_enabled=&#8220;0&#8243; border_style=&#8220;solid&#8220; saved_tabs=&#8220;all&#8220; global_colors_info=&#8220;{}&#8220; sticky_enabled=&#8220;0&#8243;]<\/p>\n<p style=\"text-align: left;\">Bei weiteren Fragen erreichen Sie uns \u00fcber die <a title=\"Kontaktseite\" href=\"https:\/\/advice1.de\/index.php\/kontakt\/\">Kontaktseite<\/a>.<\/p>\n<p>[\/et_pb_text][et_pb_text admin_label=&#8220;Leer Abstandshalter&#8220; _builder_version=&#8220;4.16&#8243; border_style=&#8220;solid&#8220; saved_tabs=&#8220;all&#8220; global_colors_info=&#8220;{}&#8220;][\/et_pb_text][\/et_pb_column][\/et_pb_row][\/et_pb_section]<\/p>\n","protected":false},"excerpt":{"rendered":"<p>Data Analytics Nie dagewesene Datenmengen bieten neben neuen Herausforderungen auch enorme Chancen. Bislang wurden die Daten f\u00fcr Schadensprojektion, Berichterstattung und Risk-Management verwendet. Doch was ist mit ganz neuen M\u00f6glichkeiten wie Insuretech, Data Lakes und k\u00fcnstlicher Intelligenz? Die modernen Methoden der k\u00fcnstlichen Intelligenz zum Beispiel bieten ganz neue Ans\u00e4tze und Antworten auf vielf\u00e4ltige Fragen. In diesen [&hellip;]<\/p>\n","protected":false},"author":1,"featured_media":0,"parent":0,"menu_order":0,"comment_status":"closed","ping_status":"closed","template":"","meta":{"_et_pb_use_builder":"on","_et_pb_old_content":"","_et_gb_content_width":""},"_links":{"self":[{"href":"https:\/\/advice1.de\/index.php\/wp-json\/wp\/v2\/pages\/2378"}],"collection":[{"href":"https:\/\/advice1.de\/index.php\/wp-json\/wp\/v2\/pages"}],"about":[{"href":"https:\/\/advice1.de\/index.php\/wp-json\/wp\/v2\/types\/page"}],"author":[{"embeddable":true,"href":"https:\/\/advice1.de\/index.php\/wp-json\/wp\/v2\/users\/1"}],"replies":[{"embeddable":true,"href":"https:\/\/advice1.de\/index.php\/wp-json\/wp\/v2\/comments?post=2378"}],"version-history":[{"count":31,"href":"https:\/\/advice1.de\/index.php\/wp-json\/wp\/v2\/pages\/2378\/revisions"}],"predecessor-version":[{"id":2786,"href":"https:\/\/advice1.de\/index.php\/wp-json\/wp\/v2\/pages\/2378\/revisions\/2786"}],"wp:attachment":[{"href":"https:\/\/advice1.de\/index.php\/wp-json\/wp\/v2\/media?parent=2378"}],"curies":[{"name":"wp","href":"https:\/\/api.w.org\/{rel}","templated":true}]}}