{"id":2368,"date":"2022-07-08T10:01:18","date_gmt":"2022-07-08T10:01:18","guid":{"rendered":"https:\/\/advice1.de\/?page_id=2368"},"modified":"2023-01-15T23:35:03","modified_gmt":"2023-01-15T23:35:03","slug":"wer-wir-sind","status":"publish","type":"page","link":"https:\/\/advice1.de\/index.php\/wer-wir-sind\/","title":{"rendered":"Wer wir sind"},"content":{"rendered":"<p>[et_pb_section fb_built=&#8220;1&#8243; fullwidth=&#8220;on&#8220; _builder_version=&#8220;4.17.3&#8243; _module_preset=&#8220;default&#8220; global_colors_info=&#8220;{}&#8220;][et_pb_fullwidth_image src=&#8220;https:\/\/advice1.de\/wp-content\/uploads\/2023\/01\/advice1-ueber-uns-200.jpg&#8220; title_text=&#8220;advice1-ueber-uns-200&#8243; _builder_version=&#8220;4.17.3&#8243; _module_preset=&#8220;default&#8220; global_colors_info=&#8220;{}&#8220;][\/et_pb_fullwidth_image][\/et_pb_section][et_pb_section fb_built=&#8220;1&#8243; custom_padding_last_edited=&#8220;on|desktop&#8220; admin_label=&#8220;section&#8220; module_id=&#8220;Wirsindanders&#8220; _builder_version=&#8220;4.16&#8243; background_color=&#8220;rgba(255,255,255,0)&#8220; custom_padding=&#8220;50px||0px|&#8220; custom_padding_tablet=&#8220;50px|0px|50px|0px&#8220; custom_padding_phone=&#8220;&#8220; animation_style=&#8220;fade&#8220; transparent_background=&#8220;on&#8220; global_colors_info=&#8220;{}&#8220;][et_pb_row padding_mobile=&#8220;off&#8220; column_padding_mobile=&#8220;on&#8220; admin_label=&#8220;row&#8220; _builder_version=&#8220;4.16&#8243; background_size=&#8220;initial&#8220; background_position=&#8220;top_left&#8220; background_repeat=&#8220;repeat&#8220; custom_padding=&#8220;|&#8220; make_fullwidth=&#8220;off&#8220; use_custom_width=&#8220;off&#8220; width_unit=&#8220;on&#8220; global_colors_info=&#8220;{}&#8220;][et_pb_column type=&#8220;4_4&#8243; _builder_version=&#8220;4.16&#8243; custom_padding=&#8220;|||&#8220; global_colors_info=&#8220;{}&#8220; custom_padding__hover=&#8220;|||&#8220;][et_pb_text admin_label=&#8220;Advice1 Haupttitel&#8220; _builder_version=&#8220;4.17.3&#8243; text_font_size=&#8220;21&#8243; border_style=&#8220;solid&#8220; global_colors_info=&#8220;{}&#8220;]<\/p>\n<h1>Wer wir sind<\/h1>\n<p>[\/et_pb_text][\/et_pb_column][\/et_pb_row][et_pb_row column_structure=&#8220;1_2,1_2&#8243; padding_mobile=&#8220;off&#8220; column_padding_mobile=&#8220;on&#8220; admin_label=&#8220;row&#8220; _builder_version=&#8220;4.16&#8243; background_size=&#8220;initial&#8220; background_position=&#8220;top_left&#8220; background_repeat=&#8220;repeat&#8220; custom_padding=&#8220;|&#8220; make_fullwidth=&#8220;off&#8220; use_custom_width=&#8220;off&#8220; width_unit=&#8220;on&#8220; global_colors_info=&#8220;{}&#8220;][et_pb_column type=&#8220;1_2&#8243; _builder_version=&#8220;4.16&#8243; custom_padding=&#8220;|||&#8220; global_colors_info=&#8220;{}&#8220; custom_padding__hover=&#8220;|||&#8220;][et_pb_image src=&#8220;https:\/\/advice1.de\/wp-content\/uploads\/2018\/02\/Dr_Claus_Mueller_Attila_Schary_B.jpg&#8220; align_tablet=&#8220;center&#8220; align_phone=&#8220;center&#8220; align_last_edited=&#8220;on|desktop&#8220; _builder_version=&#8220;4.17.3&#8243; custom_margin=&#8220;||0px||false|false&#8220; custom_padding=&#8220;||0px||false|false&#8220; border_style=&#8220;solid&#8220; always_center_on_mobile=&#8220;on&#8220; global_colors_info=&#8220;{}&#8220;][\/et_pb_image][et_pb_text _builder_version=&#8220;4.17.3&#8243; _module_preset=&#8220;default&#8220; custom_margin=&#8220;0px||||false|false&#8220; custom_padding=&#8220;0px||||false|false&#8220; global_colors_info=&#8220;{}&#8220;]<\/p>\n<p><strong>Dr. Claus M\u00fcller (links) und Attila Schary (rechts)<\/strong><\/p>\n<p>[\/et_pb_text][\/et_pb_column][et_pb_column type=&#8220;1_2&#8243; _builder_version=&#8220;4.16&#8243; custom_padding=&#8220;|||&#8220; global_colors_info=&#8220;{}&#8220; custom_padding__hover=&#8220;|||&#8220;][et_pb_text admin_label=&#8220;Text \u00dcber uns&#8220; _builder_version=&#8220;4.17.3&#8243; border_style=&#8220;solid&#8220; global_colors_info=&#8220;{}&#8220;]<\/p>\n<p><strong>advice1: Partner f\u00fcr Versicherungsunternehmen<\/strong><\/p>\n<p>Hinter Advice1 stehen zwei erfahrene Experten: Dr. Claus M\u00fcller und Attila Schary. Die Advice1 GmbH gr\u00fcndeten wir im Jahr 2017 und brachten beide langj\u00e4hrige Erfahrung aus der Unternehmensberatung mit. Von Beginn an konnten wir mit Advice1 daher auf viele Jahre erfolgreiche Projektt\u00e4tigkeit zur\u00fcckgreifen und unser wertvolles Netzwerk zu Entscheidungstr\u00e4gern der Versicherungsbranche miteinbringen.<\/p>\n<p>[\/et_pb_text][\/et_pb_column][\/et_pb_row][et_pb_row padding_mobile=&#8220;off&#8220; column_padding_mobile=&#8220;on&#8220; admin_label=&#8220;row&#8220; _builder_version=&#8220;4.16&#8243; background_size=&#8220;initial&#8220; background_position=&#8220;top_left&#8220; background_repeat=&#8220;repeat&#8220; custom_padding=&#8220;|&#8220; make_fullwidth=&#8220;off&#8220; use_custom_width=&#8220;off&#8220; width_unit=&#8220;on&#8220; global_colors_info=&#8220;{}&#8220;][et_pb_column type=&#8220;4_4&#8243; _builder_version=&#8220;4.16&#8243; custom_padding=&#8220;|||&#8220; global_colors_info=&#8220;{}&#8220; custom_padding__hover=&#8220;|||&#8220;][et_pb_text admin_label=&#8220;Text \u00dcber uns&#8220; _builder_version=&#8220;4.17.3&#8243; hover_enabled=&#8220;0&#8243; border_style=&#8220;solid&#8220; global_colors_info=&#8220;{}&#8220; sticky_enabled=&#8220;0&#8243;]<\/p>\n<p><strong>Unser Ziel: Versicherungsunternehmen fit f\u00fcr die Zukunft zu machen<\/strong><\/p>\n<p>Wir unterst\u00fctzen Versicherungsunternehmen bei der Weiterentwicklung ihrer Bestandsf\u00fchrungssysteme. Zu unserem Team geh\u00f6ren ExpertInnen f\u00fcr die verschiedensten Workflows und technischen Prozesse, um dieses Ziel zu erreichen:<br \/>F\u00fcr die Aufgaben bei Migrationen, Run-Off-Themen, Bestandskorrekturen und der Einf\u00fchrung neuer Produkte haben wir Aktuare, Fachexperten und Business-Analysten im Team. Zur Qualit\u00e4tssicherung sind wir mit Test Analysten, Test-Automation-Engineers und Test-Managern breit aufgestellt.<\/p>\n<p><strong>Mit Begeisterung neue Wege erschlie\u00dfen<\/strong><\/p>\n<p>Das einzig Verl\u00e4ssliche ist der Wandel, wie es so sch\u00f6n hei\u00dft. Die Wirtschaft, das Marktumfeld, alles ist in best\u00e4ndiger Entwicklung. Advice1 ist ein erfahrener Partner mit tiefem Fachwissen, um hier neue Wege zu entdecken und zu erschlie\u00dfen. Komplexe Prozesse, wachsende Datenmengen, Automatisierung von Vorg\u00e4ngen, digitaler Wandel und Vernetzung erfordern solche Wege. Sie f\u00fchren bis zu zur k\u00fcnstlichen Intelligenz, die gerade in der Versicherungsbranche ganz neue Chancen er\u00f6ffnet.<\/p>\n<p>&nbsp;<\/p>\n<p>[\/et_pb_text][\/et_pb_column][\/et_pb_row][\/et_pb_section]<\/p>\n","protected":false},"excerpt":{"rendered":"<p>Wer wir sindDr. Claus M\u00fcller (links) und Attila Schary (rechts)advice1: Partner f\u00fcr Versicherungsunternehmen Hinter Advice1 stehen zwei erfahrene Experten: Dr. Claus M\u00fcller und Attila Schary. Die Advice1 GmbH gr\u00fcndeten wir im Jahr 2017 und brachten beide langj\u00e4hrige Erfahrung aus der Unternehmensberatung mit. Von Beginn an konnten wir mit Advice1 daher auf viele Jahre erfolgreiche Projektt\u00e4tigkeit [&hellip;]<\/p>\n","protected":false},"author":1,"featured_media":0,"parent":0,"menu_order":0,"comment_status":"closed","ping_status":"closed","template":"","meta":{"_et_pb_use_builder":"on","_et_pb_old_content":"","_et_gb_content_width":""},"_links":{"self":[{"href":"https:\/\/advice1.de\/index.php\/wp-json\/wp\/v2\/pages\/2368"}],"collection":[{"href":"https:\/\/advice1.de\/index.php\/wp-json\/wp\/v2\/pages"}],"about":[{"href":"https:\/\/advice1.de\/index.php\/wp-json\/wp\/v2\/types\/page"}],"author":[{"embeddable":true,"href":"https:\/\/advice1.de\/index.php\/wp-json\/wp\/v2\/users\/1"}],"replies":[{"embeddable":true,"href":"https:\/\/advice1.de\/index.php\/wp-json\/wp\/v2\/comments?post=2368"}],"version-history":[{"count":19,"href":"https:\/\/advice1.de\/index.php\/wp-json\/wp\/v2\/pages\/2368\/revisions"}],"predecessor-version":[{"id":2778,"href":"https:\/\/advice1.de\/index.php\/wp-json\/wp\/v2\/pages\/2368\/revisions\/2778"}],"wp:attachment":[{"href":"https:\/\/advice1.de\/index.php\/wp-json\/wp\/v2\/media?parent=2368"}],"curies":[{"name":"wp","href":"https:\/\/api.w.org\/{rel}","templated":true}]}}