{"id":2334,"date":"2020-08-27T08:07:46","date_gmt":"2020-08-27T08:07:46","guid":{"rendered":"https:\/\/advice1.de\/?page_id=2334"},"modified":"2023-01-15T21:35:59","modified_gmt":"2023-01-15T21:35:59","slug":"wofuer-wir-stehen","status":"publish","type":"page","link":"https:\/\/advice1.de\/index.php\/wofuer-wir-stehen\/","title":{"rendered":"Wofuer wir stehen"},"content":{"rendered":"<p>[et_pb_section fb_built=&#8220;1&#8243; fullwidth=&#8220;on&#8220; admin_label=&#8220;Galerie&#8220; _builder_version=&#8220;4.17.3&#8243; _module_preset=&#8220;default&#8220; global_colors_info=&#8220;{}&#8220;][et_pb_fullwidth_image src=&#8220;https:\/\/advice1.de\/wp-content\/uploads\/2023\/01\/RUN-OFF-200.jpg&#8220; title_text=&#8220;RUN-OFF-200&#8243; _builder_version=&#8220;4.17.3&#8243; _module_preset=&#8220;default&#8220; global_colors_info=&#8220;{}&#8220;][\/et_pb_fullwidth_image][\/et_pb_section][et_pb_section fb_built=&#8220;1&#8243; custom_padding_last_edited=&#8220;on|desktop&#8220; admin_label=&#8220;section&#8220; module_id=&#8220;start&#8220; _builder_version=&#8220;4.16&#8243; background_color=&#8220;rgba(255,255,255,0)&#8220; custom_padding=&#8220;50px||25px|&#8220; custom_padding_tablet=&#8220;50px|0|50px|0&#8243; custom_padding_phone=&#8220;&#8220; animation_style=&#8220;fade&#8220; transparent_background=&#8220;on&#8220; global_colors_info=&#8220;{}&#8220;][et_pb_row column_padding_mobile=&#8220;on&#8220; admin_label=&#8220;row&#8220; _builder_version=&#8220;4.16&#8243; background_size=&#8220;initial&#8220; background_position=&#8220;top_left&#8220; background_repeat=&#8220;repeat&#8220; custom_padding=&#8220;||0px|&#8220; global_colors_info=&#8220;{}&#8220;][et_pb_column type=&#8220;4_4&#8243; _builder_version=&#8220;4.16&#8243; custom_padding=&#8220;|||&#8220; global_colors_info=&#8220;{}&#8220; custom_padding__hover=&#8220;|||&#8220;][et_pb_text admin_label=&#8220;Titel&#8220; _builder_version=&#8220;4.17.3&#8243; border_style=&#8220;solid&#8220; global_colors_info=&#8220;{}&#8220;]<\/p>\n<h1>WOF\u00dcR WIR STEHEN<\/h1>\n<p>[\/et_pb_text][\/et_pb_column][\/et_pb_row][et_pb_row column_padding_mobile=&#8220;on&#8220; custom_padding_last_edited=&#8220;on|phone&#8220; disabled_on=&#8220;off|off|off&#8220; admin_label=&#8220;row&#8220; _builder_version=&#8220;4.16&#8243; background_size=&#8220;initial&#8220; background_position=&#8220;top_left&#8220; background_repeat=&#8220;repeat&#8220; custom_padding=&#8220;45px||0px|&#8220; custom_padding_tablet=&#8220;&#8220; custom_padding_phone=&#8220;0px||0px|&#8220; global_colors_info=&#8220;{}&#8220;][et_pb_column type=&#8220;4_4&#8243; _builder_version=&#8220;4.16&#8243; custom_padding=&#8220;|||&#8220; global_colors_info=&#8220;{}&#8220; custom_padding__hover=&#8220;|||&#8220;][et_pb_text _builder_version=&#8220;4.17.3&#8243; border_style=&#8220;solid&#8220; global_colors_info=&#8220;{}&#8220;]<\/p>\n<p><strong>Unsere Grunds\u00e4tze und Werte<\/strong><\/p>\n<p>Unsere Grunds\u00e4tze und Werte sind Leitstern, roter Faden und Wegweiser f\u00fcr uns. Sie bestimmen unser Handeln und sorgen daf\u00fcr, dass wir stets auf Kurs bleiben. Das Ziel ist eine Win-win-Situation f\u00fcr alle: f\u00fcr die Unternehmen, f\u00fcr die wir arbeiten, f\u00fcr unsere Mitarbeitenden und f\u00fcr Advice1.<br \/>Das bedeutet es f\u00fcr uns, ein wirtschaftlich, sozial und nachhaltig handelndes Unternehmen zu sein.<\/p>\n<p>[\/et_pb_text][\/et_pb_column][\/et_pb_row][\/et_pb_section][et_pb_section fb_built=&#8220;1&#8243; custom_padding_last_edited=&#8220;on|desktop&#8220; disabled_on=&#8220;off|off|off&#8220; admin_label=&#8220;section&#8220; module_id=&#8220;Grundsaetze&#8220; _builder_version=&#8220;4.16&#8243; background_color=&#8220;rgba(255,255,255,0)&#8220; custom_padding=&#8220;0px||12px|&#8220; custom_padding_tablet=&#8220;50px|0px|50px|0px&#8220; custom_padding_phone=&#8220;&#8220; animation_style=&#8220;fade&#8220; transparent_background=&#8220;on&#8220; global_colors_info=&#8220;{}&#8220;][et_pb_row column_structure=&#8220;1_3,2_3&#8243; padding_mobile=&#8220;off&#8220; column_padding_mobile=&#8220;on&#8220; admin_label=&#8220;row&#8220; _builder_version=&#8220;4.16&#8243; background_size=&#8220;initial&#8220; background_position=&#8220;top_left&#8220; background_repeat=&#8220;repeat&#8220; custom_padding=&#8220;|&#8220; make_fullwidth=&#8220;off&#8220; use_custom_width=&#8220;off&#8220; width_unit=&#8220;on&#8220; global_colors_info=&#8220;{}&#8220;][et_pb_column type=&#8220;1_3&#8243; _builder_version=&#8220;4.16&#8243; custom_padding=&#8220;|||&#8220; global_colors_info=&#8220;{}&#8220; custom_padding__hover=&#8220;|||&#8220;][et_pb_image src=&#8220;https:\/\/advice1.de\/wp-content\/uploads\/2018\/02\/Nachhaltigkeit_Advice1.png&#8220; align_tablet=&#8220;center&#8220; align_phone=&#8220;center&#8220; align_last_edited=&#8220;on|desktop&#8220; _builder_version=&#8220;4.16&#8243; border_style=&#8220;solid&#8220; always_center_on_mobile=&#8220;on&#8220; global_colors_info=&#8220;{}&#8220;][\/et_pb_image][\/et_pb_column][et_pb_column type=&#8220;2_3&#8243; _builder_version=&#8220;4.16&#8243; custom_padding=&#8220;|||&#8220; global_colors_info=&#8220;{}&#8220; custom_padding__hover=&#8220;|||&#8220;][et_pb_text _builder_version=&#8220;4.17.3&#8243; border_style=&#8220;solid&#8220; global_colors_info=&#8220;{}&#8220;]<\/p>\n<p><b>Nachhaltig arbeiten:<br \/><\/b><span>Bei unserer Arbeit schauen wir weit \u00fcber den Tellerrand hinaus. Es geht nicht darum, schnell irgendeine L\u00f6sung zu finden. Gerade in Zeiten von Digitalisierung und Disruption sind neben kurzfristigen L\u00f6sungen vor allem mittel- und langfristige Potenziale f\u00fcr unsere Kunden unser Ziel.<\/span><\/p>\n<p><span><strong>Nachhaltig wachsen:<\/strong><br \/>Das gleiche gilt f\u00fcr das Wachstum unseres Unternehmens: Wir wollen mittel- und langfristig wachsen, nicht kurzfristig in die H\u00f6he schie\u00dfen. So gew\u00e4hrleisten wir ein stabiles, tragf\u00e4higes Unternehmen, das uns auch in fordernden Zeiten sicher tr\u00e4gt.<\/span><\/p>\n<p>[\/et_pb_text][\/et_pb_column][\/et_pb_row][et_pb_row column_structure=&#8220;1_3,2_3&#8243; padding_mobile=&#8220;off&#8220; column_padding_mobile=&#8220;on&#8220; admin_label=&#8220;row&#8220; _builder_version=&#8220;4.16&#8243; background_size=&#8220;initial&#8220; background_position=&#8220;top_left&#8220; background_repeat=&#8220;repeat&#8220; custom_padding=&#8220;|&#8220; make_fullwidth=&#8220;off&#8220; use_custom_width=&#8220;off&#8220; width_unit=&#8220;on&#8220; global_colors_info=&#8220;{}&#8220;][et_pb_column type=&#8220;1_3&#8243; _builder_version=&#8220;4.16&#8243; custom_padding=&#8220;|||&#8220; global_colors_info=&#8220;{}&#8220; custom_padding__hover=&#8220;|||&#8220;][et_pb_image src=&#8220;https:\/\/advice1.de\/wp-content\/uploads\/2018\/02\/Leistungsgerechtigkeit-1.png&#8220; align_tablet=&#8220;center&#8220; align_phone=&#8220;center&#8220; align_last_edited=&#8220;on|desktop&#8220; _builder_version=&#8220;4.16&#8243; border_style=&#8220;solid&#8220; always_center_on_mobile=&#8220;on&#8220; global_colors_info=&#8220;{}&#8220;][\/et_pb_image][\/et_pb_column][et_pb_column type=&#8220;2_3&#8243; _builder_version=&#8220;4.16&#8243; custom_padding=&#8220;|||&#8220; global_colors_info=&#8220;{}&#8220; custom_padding__hover=&#8220;|||&#8220;][et_pb_text _builder_version=&#8220;4.17.3&#8243; border_style=&#8220;solid&#8220; global_colors_info=&#8220;{}&#8220;]<\/p>\n<p><strong>Motivieren, fordern und f\u00f6rdern:<\/strong><br \/>Wir belohnen Leistung. Bei Advice1 reden wir nicht nur dar\u00fcber, wir leben es auch. Dazu geh\u00f6ren flache Hierarchien, echte Aufstiegschancen und die M\u00f6glichkeit, Advice1 aktiv mitzugestalten. Interne Pr\u00e4miensysteme motivieren und fordern unsere Mitarbeitenden, f\u00fcr unsere Kunden stets exzellente Arbeit zu leisten.<\/p>\n<p>[\/et_pb_text][\/et_pb_column][\/et_pb_row][et_pb_row column_structure=&#8220;1_3,2_3&#8243; padding_mobile=&#8220;off&#8220; column_padding_mobile=&#8220;on&#8220; admin_label=&#8220;row&#8220; _builder_version=&#8220;4.16&#8243; background_size=&#8220;initial&#8220; background_position=&#8220;top_left&#8220; background_repeat=&#8220;repeat&#8220; custom_padding=&#8220;|&#8220; make_fullwidth=&#8220;off&#8220; use_custom_width=&#8220;off&#8220; width_unit=&#8220;on&#8220; global_colors_info=&#8220;{}&#8220;][et_pb_column type=&#8220;1_3&#8243; _builder_version=&#8220;4.16&#8243; custom_padding=&#8220;|||&#8220; global_colors_info=&#8220;{}&#8220; custom_padding__hover=&#8220;|||&#8220;][et_pb_image src=&#8220;https:\/\/advice1.de\/wp-content\/uploads\/2018\/02\/Best_Practice-1.png&#8220; align_tablet=&#8220;center&#8220; align_phone=&#8220;center&#8220; align_last_edited=&#8220;on|desktop&#8220; _builder_version=&#8220;4.16&#8243; border_style=&#8220;solid&#8220; always_center_on_mobile=&#8220;on&#8220; global_colors_info=&#8220;{}&#8220;][\/et_pb_image][\/et_pb_column][et_pb_column type=&#8220;2_3&#8243; _builder_version=&#8220;4.16&#8243; custom_padding=&#8220;|||&#8220; global_colors_info=&#8220;{}&#8220; custom_padding__hover=&#8220;|||&#8220;][et_pb_text _builder_version=&#8220;4.17.3&#8243; border_style=&#8220;solid&#8220; global_colors_info=&#8220;{}&#8220;]<\/p>\n<p><strong>Von den Besten lernen:<\/strong><br \/>Kunden bekommen von uns Best-Practice-L\u00f6sungen. Unsere Erfahrung und unser Wissen kombinieren wir mit gepr\u00fcften und bew\u00e4hrten L\u00f6sungen, damit unsere Kunden auf Nummer Sicher gehen. Unsere ExpertInnen entwickeln sich durch gezielte Weiterbildungen und intensiven internen Austausch st\u00e4ndig weiter. Unser Ziel sind \u201eState-of-the-Art\u201c-Kompetenzen f\u00fcr alle Bereiche, die wir abdecken.<\/p>\n<p>[\/et_pb_text][\/et_pb_column][\/et_pb_row][et_pb_row column_structure=&#8220;1_3,2_3&#8243; padding_mobile=&#8220;off&#8220; column_padding_mobile=&#8220;on&#8220; admin_label=&#8220;row&#8220; _builder_version=&#8220;4.16&#8243; background_size=&#8220;initial&#8220; background_position=&#8220;top_left&#8220; background_repeat=&#8220;repeat&#8220; custom_padding=&#8220;|&#8220; make_fullwidth=&#8220;off&#8220; use_custom_width=&#8220;off&#8220; width_unit=&#8220;on&#8220; global_colors_info=&#8220;{}&#8220;][et_pb_column type=&#8220;1_3&#8243; _builder_version=&#8220;4.16&#8243; custom_padding=&#8220;|||&#8220; global_colors_info=&#8220;{}&#8220; custom_padding__hover=&#8220;|||&#8220;][et_pb_image src=&#8220;https:\/\/advice1.de\/wp-content\/uploads\/2018\/02\/Partnerschaftlichkeit.png&#8220; align_tablet=&#8220;center&#8220; align_phone=&#8220;center&#8220; align_last_edited=&#8220;on|desktop&#8220; _builder_version=&#8220;4.16&#8243; border_style=&#8220;solid&#8220; always_center_on_mobile=&#8220;on&#8220; global_colors_info=&#8220;{}&#8220;][\/et_pb_image][\/et_pb_column][et_pb_column type=&#8220;2_3&#8243; _builder_version=&#8220;4.16&#8243; custom_padding=&#8220;|||&#8220; global_colors_info=&#8220;{}&#8220; custom_padding__hover=&#8220;|||&#8220;][et_pb_text _builder_version=&#8220;4.17.3&#8243; border_style=&#8220;solid&#8220; global_colors_info=&#8220;{}&#8220;]<strong>Gemeinsam gewinnen:<\/strong><br \/>\nDie oben erw\u00e4hnte Win-win-Situation erreicht man nicht als Einzelk\u00e4mpfer. Wir sind ein Team und agieren gemeinsam. Alle ProjektteilnehmerInnen behandeln wir ohne Ausnahme respektvoll und wertsch\u00e4tzend.[\/et_pb_text][\/et_pb_column][\/et_pb_row][et_pb_row _builder_version=&#8220;4.16&#8243; background_size=&#8220;initial&#8220; background_position=&#8220;top_left&#8220; background_repeat=&#8220;repeat&#8220; global_colors_info=&#8220;{}&#8220;][et_pb_column type=&#8220;4_4&#8243; _builder_version=&#8220;4.16&#8243; custom_padding=&#8220;|||&#8220; global_colors_info=&#8220;{}&#8220; custom_padding__hover=&#8220;|||&#8220;][et_pb_text disabled_on=&#8220;on|on|on&#8220; admin_label=&#8220;Text Fusszeile&#8220; _builder_version=&#8220;4.16&#8243; text_font_size=&#8220;21&#8243; border_style=&#8220;solid&#8220; disabled=&#8220;on&#8220; global_colors_info=&#8220;{}&#8220;]Mit den obigen Unternehmens-Grunds\u00e4tzen haben wir die \u00dcberzeugung unsere Kunden bei DER L\u00d6SUNG f\u00fcr Ihr Projekt zu unterst\u00fctzen.<br \/>\n[\/et_pb_text][\/et_pb_column][\/et_pb_row][\/et_pb_section]<\/p>\n","protected":false},"excerpt":{"rendered":"<p>WOF\u00dcR WIR STEHENUnsere Grunds\u00e4tze und Werte Unsere Grunds\u00e4tze und Werte sind Leitstern, roter Faden und Wegweiser f\u00fcr uns. Sie bestimmen unser Handeln und sorgen daf\u00fcr, dass wir stets auf Kurs bleiben. Das Ziel ist eine Win-win-Situation f\u00fcr alle: f\u00fcr die Unternehmen, f\u00fcr die wir arbeiten, f\u00fcr unsere Mitarbeitenden und f\u00fcr Advice1.Das bedeutet es f\u00fcr uns, [&hellip;]<\/p>\n","protected":false},"author":1,"featured_media":0,"parent":0,"menu_order":0,"comment_status":"closed","ping_status":"closed","template":"","meta":{"_et_pb_use_builder":"on","_et_pb_old_content":"","_et_gb_content_width":""},"_links":{"self":[{"href":"https:\/\/advice1.de\/index.php\/wp-json\/wp\/v2\/pages\/2334"}],"collection":[{"href":"https:\/\/advice1.de\/index.php\/wp-json\/wp\/v2\/pages"}],"about":[{"href":"https:\/\/advice1.de\/index.php\/wp-json\/wp\/v2\/types\/page"}],"author":[{"embeddable":true,"href":"https:\/\/advice1.de\/index.php\/wp-json\/wp\/v2\/users\/1"}],"replies":[{"embeddable":true,"href":"https:\/\/advice1.de\/index.php\/wp-json\/wp\/v2\/comments?post=2334"}],"version-history":[{"count":17,"href":"https:\/\/advice1.de\/index.php\/wp-json\/wp\/v2\/pages\/2334\/revisions"}],"predecessor-version":[{"id":2738,"href":"https:\/\/advice1.de\/index.php\/wp-json\/wp\/v2\/pages\/2334\/revisions\/2738"}],"wp:attachment":[{"href":"https:\/\/advice1.de\/index.php\/wp-json\/wp\/v2\/media?parent=2334"}],"curies":[{"name":"wp","href":"https:\/\/api.w.org\/{rel}","templated":true}]}}