{"id":2030,"date":"2020-02-19T19:33:51","date_gmt":"2020-02-19T19:33:51","guid":{"rendered":"https:\/\/advice1.de\/?page_id=2030"},"modified":"2023-01-15T22:04:47","modified_gmt":"2023-01-15T22:04:47","slug":"migrationen-run-off","status":"publish","type":"page","link":"https:\/\/advice1.de\/index.php\/migrationen-run-off\/","title":{"rendered":"Migrationen &#038; Run-Off"},"content":{"rendered":"<p>[et_pb_section fb_built=&#8220;1&#8243; fullwidth=&#8220;on&#8220; admin_label=&#8220;Galerie&#8220; _builder_version=&#8220;4.17.3&#8243; _module_preset=&#8220;default&#8220; global_colors_info=&#8220;{}&#8220;][et_pb_fullwidth_image src=&#8220;https:\/\/advice1.de\/wp-content\/uploads\/2023\/01\/MIGRATIONEN-200.jpg&#8220; title_text=&#8220;MIGRATIONEN-200&#8243; _builder_version=&#8220;4.17.3&#8243; _module_preset=&#8220;default&#8220; global_colors_info=&#8220;{}&#8220;][\/et_pb_fullwidth_image][\/et_pb_section][et_pb_section fb_built=&#8220;1&#8243; custom_padding_last_edited=&#8220;on|desktop&#8220; admin_label=&#8220;section&#8220; module_id=&#8220;start&#8220; _builder_version=&#8220;4.16&#8243; background_color=&#8220;rgba(255,255,255,0)&#8220; custom_padding=&#8220;50px||25px|&#8220; custom_padding_tablet=&#8220;50px|0|50px|0&#8243; custom_padding_phone=&#8220;&#8220; animation_style=&#8220;fade&#8220; transparent_background=&#8220;on&#8220; global_colors_info=&#8220;{}&#8220;][et_pb_row column_padding_mobile=&#8220;on&#8220; admin_label=&#8220;row&#8220; _builder_version=&#8220;4.16&#8243; background_size=&#8220;initial&#8220; background_position=&#8220;top_left&#8220; background_repeat=&#8220;repeat&#8220; custom_padding=&#8220;||0px|&#8220; global_colors_info=&#8220;{}&#8220;][et_pb_column type=&#8220;4_4&#8243; _builder_version=&#8220;4.16&#8243; custom_padding=&#8220;|||&#8220; global_colors_info=&#8220;{}&#8220; custom_padding__hover=&#8220;|||&#8220;][et_pb_text admin_label=&#8220;Titel&#8220; _builder_version=&#8220;4.17.3&#8243; hover_enabled=&#8220;0&#8243; border_style=&#8220;solid&#8220; global_colors_info=&#8220;{}&#8220; sticky_enabled=&#8220;0&#8243;]<\/p>\n<h1>MIGRATIONEN &amp; RUN-OFF <img loading=\"lazy\" class=\"alignnone size-full wp-image-2152\" src=\"https:\/\/advice1.de\/wp-content\/uploads\/2020\/02\/Migration_Device1.png\" alt=\"\" width=\"64\" height=\"70\" \/><\/h1>\n<p>[\/et_pb_text][\/et_pb_column][\/et_pb_row][et_pb_row column_padding_mobile=&#8220;on&#8220; custom_padding_last_edited=&#8220;on|phone&#8220; admin_label=&#8220;row&#8220; _builder_version=&#8220;4.16&#8243; background_size=&#8220;initial&#8220; background_position=&#8220;top_left&#8220; background_repeat=&#8220;repeat&#8220; custom_padding=&#8220;45px||0px|&#8220; custom_padding_tablet=&#8220;&#8220; custom_padding_phone=&#8220;0px||0px|&#8220; global_colors_info=&#8220;{}&#8220;][et_pb_column type=&#8220;4_4&#8243; _builder_version=&#8220;4.16&#8243; custom_padding=&#8220;|||&#8220; global_colors_info=&#8220;{}&#8220; custom_padding__hover=&#8220;|||&#8220;][et_pb_text _builder_version=&#8220;4.17.3&#8243; border_style=&#8220;solid&#8220; global_colors_info=&#8220;{}&#8220;]<\/p>\n<p>F\u00fcr eine Bestandsmigration gibt es verschiedene Gr\u00fcnde. Die Einf\u00fchrung modernerer Verwaltungssysteme, Fusionen oder der Kauf von (Teil-)Best\u00e4nden (\u201eRun-Off\u201c).<\/p>\n<p>Dabei gibt es zahlreiche Herausforderungen. Alle Gesch\u00e4ftsprozesse und Funktionalit\u00e4ten sollen erhalten bleiben. Die Daten werden nicht nur in das aufnehmende Vertragsverwaltungssystem migriert. In der Regel sind gleichzeitig auch Daten in die Nachbarsysteme zu \u00fcbernehmen. Als Ma\u00dfnahme zur Kosteneinsparung sollen h\u00e4ufig Tarife zusammen gelegt werden, ohne dass sich die Garantiewerte \u00e4ndern.<\/p>\n<p>Bei einer Bestandsmigration k\u00f6nnen wir Sie vielseitig unterst\u00fctzen:<\/p>\n<p>[\/et_pb_text][et_pb_accordion toggle_icon=&#8220;&#xe050;||divi||400&#8243; icon_color=&#8220;#f07d22&#8243; use_icon_font_size=&#8220;on&#8220; icon_font_size=&#8220;28px&#8220; _builder_version=&#8220;4.17.3&#8243; _module_preset=&#8220;default&#8220; global_colors_info=&#8220;{}&#8220;][et_pb_accordion_item title=&#8220;Vorstudien&#8220; open=&#8220;on&#8220; _builder_version=&#8220;4.17.3&#8243; _module_preset=&#8220;default&#8220; global_colors_info=&#8220;{}&#8220; toggle_level=&#8220;h4&#8243; toggle_font=&#8220;|600|||||||&#8220;]<img loading=\"lazy\" src=\"https:\/\/advice1.de\/wp-content\/uploads\/2022\/07\/Icon-leisutngsangebot-Migration.png\" width=\"158\" height=\"70\" alt=\"\" class=\"wp-image-2493 alignnone size-full\" \/><br \/>\nWir analysieren regulatorische Rahmenbedingungen. Im Vorfeld einer Migration f\u00fchren wir Bestandsanalysen mit k\u00fcnstlicher Intelligenz durch. Die Produkte\/Tarife eines zu migrierenden Bestands bewerten wir anhand betriebswirtschaftlicher Kriterien.[\/et_pb_accordion_item][et_pb_accordion_item title=&#8220;Umsetzung&#8220; _builder_version=&#8220;4.17.3&#8243; _module_preset=&#8220;default&#8220; global_colors_info=&#8220;{}&#8220; toggle_level=&#8220;h4&#8243; toggle_font=&#8220;|600|||||||&#8220; open=&#8220;off&#8220;]<img loading=\"lazy\" src=\"https:\/\/advice1.de\/wp-content\/uploads\/2022\/07\/Icon-leisutngsangebot-Migration.png\" width=\"158\" height=\"70\" alt=\"\" class=\"wp-image-2493 alignnone size-full\" \/><br \/>\nUnsere Mitarbeitenden begleiten Sie bei der Umsetzung der Migration. Dabei \u00fcbernehmen sie zum Beispiel das Design des Migrationsprozesses und erstellen Transformationsregeln. Sie analysieren den Bestand im Quellsystem, ermitteln den Customizing Bedarf und erstellen Delta-Fachkonzepte.[\/et_pb_accordion_item][et_pb_accordion_item title=&#8220;Softwaretest&#8220; _builder_version=&#8220;4.17.3&#8243; _module_preset=&#8220;default&#8220; global_colors_info=&#8220;{}&#8220; toggle_level=&#8220;h4&#8243; toggle_font=&#8220;|600|||||||&#8220; open=&#8220;off&#8220;]Im Hinblick auf die Migration konzipieren wir mathematische und fachliche Tests, f\u00fchren diese durch und bewerten sie. Unsere Fachleute \u00fcbernehmen den Entwurf und die Pflege von Testfall-Sets und werten die verschiedenen Testergebnisse aus.[\/et_pb_accordion_item][\/et_pb_accordion][et_pb_text _builder_version=&#8220;4.17.3&#8243; border_style=&#8220;solid&#8220; global_colors_info=&#8220;{}&#8220;]<\/p>\n<p>Bei weiteren Fragen erreichen Sie uns \u00fcber die <a href=\"https:\/\/advice1.de\/index.php\/kontakt\/\" title=\"Kontaktseite\">Kontaktseite<\/a>.<\/p>\n<p>[\/et_pb_text][\/et_pb_column][\/et_pb_row][et_pb_row column_padding_mobile=&#8220;on&#8220; custom_padding_last_edited=&#8220;on|phone&#8220; disabled_on=&#8220;on|on|on&#8220; admin_label=&#8220;row&#8220; _builder_version=&#8220;4.17.3&#8243; background_size=&#8220;initial&#8220; background_position=&#8220;top_left&#8220; background_repeat=&#8220;repeat&#8220; custom_padding=&#8220;45px||0px|&#8220; custom_padding_tablet=&#8220;&#8220; custom_padding_phone=&#8220;0px||0px|&#8220; disabled=&#8220;on&#8220; global_colors_info=&#8220;{}&#8220;][et_pb_column type=&#8220;4_4&#8243; _builder_version=&#8220;4.16&#8243; custom_padding=&#8220;|||&#8220; global_colors_info=&#8220;{}&#8220; custom_padding__hover=&#8220;|||&#8220;][\/et_pb_column][\/et_pb_row][et_pb_row column_padding_mobile=&#8220;on&#8220; custom_padding_last_edited=&#8220;on|phone&#8220; admin_label=&#8220;row&#8220; _builder_version=&#8220;4.16&#8243; background_size=&#8220;initial&#8220; background_position=&#8220;top_left&#8220; background_repeat=&#8220;repeat&#8220; custom_padding=&#8220;45px||0px|&#8220; custom_padding_tablet=&#8220;&#8220; custom_padding_phone=&#8220;0px||0px|&#8220; global_colors_info=&#8220;{}&#8220;][et_pb_column type=&#8220;4_4&#8243; _builder_version=&#8220;4.16&#8243; custom_padding=&#8220;|||&#8220; global_colors_info=&#8220;{}&#8220; custom_padding__hover=&#8220;|||&#8220;][et_pb_text admin_label=&#8220;Leer Abstandshalter&#8220; _builder_version=&#8220;4.16&#8243; border_style=&#8220;solid&#8220; saved_tabs=&#8220;all&#8220; global_colors_info=&#8220;{}&#8220;][\/et_pb_text][\/et_pb_column][\/et_pb_row][\/et_pb_section]<\/p>\n","protected":false},"excerpt":{"rendered":"<p>MIGRATIONEN &amp; RUN-OFF F\u00fcr eine Bestandsmigration gibt es verschiedene Gr\u00fcnde. Die Einf\u00fchrung modernerer Verwaltungssysteme, Fusionen oder der Kauf von (Teil-)Best\u00e4nden (\u201eRun-Off\u201c). Dabei gibt es zahlreiche Herausforderungen. Alle Gesch\u00e4ftsprozesse und Funktionalit\u00e4ten sollen erhalten bleiben. Die Daten werden nicht nur in das aufnehmende Vertragsverwaltungssystem migriert. In der Regel sind gleichzeitig auch Daten in die Nachbarsysteme zu \u00fcbernehmen. [&hellip;]<\/p>\n","protected":false},"author":1,"featured_media":0,"parent":0,"menu_order":0,"comment_status":"closed","ping_status":"closed","template":"","meta":{"_et_pb_use_builder":"on","_et_pb_old_content":"","_et_gb_content_width":""},"_links":{"self":[{"href":"https:\/\/advice1.de\/index.php\/wp-json\/wp\/v2\/pages\/2030"}],"collection":[{"href":"https:\/\/advice1.de\/index.php\/wp-json\/wp\/v2\/pages"}],"about":[{"href":"https:\/\/advice1.de\/index.php\/wp-json\/wp\/v2\/types\/page"}],"author":[{"embeddable":true,"href":"https:\/\/advice1.de\/index.php\/wp-json\/wp\/v2\/users\/1"}],"replies":[{"embeddable":true,"href":"https:\/\/advice1.de\/index.php\/wp-json\/wp\/v2\/comments?post=2030"}],"version-history":[{"count":30,"href":"https:\/\/advice1.de\/index.php\/wp-json\/wp\/v2\/pages\/2030\/revisions"}],"predecessor-version":[{"id":2771,"href":"https:\/\/advice1.de\/index.php\/wp-json\/wp\/v2\/pages\/2030\/revisions\/2771"}],"wp:attachment":[{"href":"https:\/\/advice1.de\/index.php\/wp-json\/wp\/v2\/media?parent=2030"}],"curies":[{"name":"wp","href":"https:\/\/api.w.org\/{rel}","templated":true}]}}