{"id":2024,"date":"2020-02-19T19:08:27","date_gmt":"2020-02-19T19:08:27","guid":{"rendered":"https:\/\/advice1.de\/?page_id=2024"},"modified":"2023-01-15T22:16:39","modified_gmt":"2023-01-15T22:16:39","slug":"software-test","status":"publish","type":"page","link":"https:\/\/advice1.de\/index.php\/software-test\/","title":{"rendered":"Software-Tests"},"content":{"rendered":"<p>[et_pb_section fb_built=&#8220;1&#8243; fullwidth=&#8220;on&#8220; admin_label=&#8220;Galerie&#8220; _builder_version=&#8220;4.17.3&#8243; _module_preset=&#8220;default&#8220; global_colors_info=&#8220;{}&#8220;][et_pb_fullwidth_image src=&#8220;https:\/\/advice1.de\/wp-content\/uploads\/2023\/01\/TEST-ANALYSTEN-UND-TEST-MANAGER-200.jpg&#8220; title_text=&#8220;TEST-ANALYSTEN-UND-TEST-MANAGER-200&#8243; _builder_version=&#8220;4.17.3&#8243; _module_preset=&#8220;default&#8220; hover_enabled=&#8220;0&#8243; global_colors_info=&#8220;{}&#8220; sticky_enabled=&#8220;0&#8243;][\/et_pb_fullwidth_image][\/et_pb_section][et_pb_section fb_built=&#8220;1&#8243; custom_padding_last_edited=&#8220;on|desktop&#8220; admin_label=&#8220;section&#8220; module_id=&#8220;start&#8220; _builder_version=&#8220;4.16&#8243; background_color=&#8220;rgba(255,255,255,0)&#8220; custom_padding=&#8220;50px||25px|&#8220; custom_padding_tablet=&#8220;50px|0|50px|0&#8243; custom_padding_phone=&#8220;&#8220; animation_style=&#8220;fade&#8220; transparent_background=&#8220;on&#8220; global_colors_info=&#8220;{}&#8220;][et_pb_row column_padding_mobile=&#8220;on&#8220; admin_label=&#8220;row&#8220; _builder_version=&#8220;4.16&#8243; background_size=&#8220;initial&#8220; background_position=&#8220;top_left&#8220; background_repeat=&#8220;repeat&#8220; custom_padding=&#8220;||0px|&#8220; global_colors_info=&#8220;{}&#8220;][et_pb_column type=&#8220;4_4&#8243; _builder_version=&#8220;4.16&#8243; custom_padding=&#8220;|||&#8220; global_colors_info=&#8220;{}&#8220; custom_padding__hover=&#8220;|||&#8220;][et_pb_text admin_label=&#8220;Titel&#8220; _builder_version=&#8220;4.17.3&#8243; border_style=&#8220;solid&#8220; global_colors_info=&#8220;{}&#8220;]<\/p>\n<h1>SOFTWARE-TESTS<img loading=\"lazy\" class=\"alignnone size-full wp-image-2150\" src=\"https:\/\/advice1.de\/wp-content\/uploads\/2020\/02\/Test-Analysen_Test-Manager_.png\" alt=\"\" width=\"64\" height=\"70\" \/><\/h1>\n<p>[\/et_pb_text][\/et_pb_column][\/et_pb_row][et_pb_row column_padding_mobile=&#8220;on&#8220; custom_padding_last_edited=&#8220;on|phone&#8220; disabled_on=&#8220;off|off|off&#8220; admin_label=&#8220;row&#8220; _builder_version=&#8220;4.16&#8243; background_size=&#8220;initial&#8220; background_position=&#8220;top_left&#8220; background_repeat=&#8220;repeat&#8220; custom_padding=&#8220;45px||0px|&#8220; custom_padding_tablet=&#8220;&#8220; custom_padding_phone=&#8220;0px||0px|&#8220; global_colors_info=&#8220;{}&#8220;][et_pb_column type=&#8220;4_4&#8243; _builder_version=&#8220;4.16&#8243; custom_padding=&#8220;|||&#8220; global_colors_info=&#8220;{}&#8220; custom_padding__hover=&#8220;|||&#8220;][et_pb_text _builder_version=&#8220;4.17.3&#8243; border_style=&#8220;solid&#8220; global_colors_info=&#8220;{}&#8220;]<\/p>\n<p>Neben Konzeption und Entwicklung entfallen in jedem IT-Projekt ein Drittel der Kapazit\u00e4ten auf den Test der Software. Wir bieten Ihnen:<\/p>\n<p>[\/et_pb_text][et_pb_accordion toggle_icon=&#8220;&#xe050;||divi||400&#8243; icon_color=&#8220;#ffc843&#8243; use_icon_font_size=&#8220;on&#8220; icon_font_size=&#8220;28px&#8220; _builder_version=&#8220;4.17.3&#8243; _module_preset=&#8220;default&#8220; toggle_level=&#8220;h4&#8243; toggle_font=&#8220;|600|||||||&#8220; global_colors_info=&#8220;{}&#8220;][et_pb_accordion_item title=&#8220;Professionelle Unterst\u00fctzung f\u00fcr aussagekr\u00e4ftige Ergebnisse&#8220; open=&#8220;on&#8220; _builder_version=&#8220;4.17.3&#8243; _module_preset=&#8220;default&#8220; global_colors_info=&#8220;{}&#8220;]<\/p>\n<p><img loading=\"lazy\" src=\"https:\/\/advice1.de\/wp-content\/uploads\/2022\/07\/Icon-leisutngsangebot-TEST-ANALYSTEN-UND-TEST-MANAGER.png\" width=\"158\" height=\"70\" alt=\"\" class=\"wp-image-2496 alignnone size-full\" \/><br \/>Das zeigt, wie wichtig Software-Tests sind. Da einheitliche Standards einen gro\u00dfen Mehrwert beim Testen bieten, f\u00f6rdern wir proaktiv die ISTQB-Zertifizierung unserer Test-Analysten und Test-Manager. Das sichert Qualit\u00e4t und schafft Vertrauen.<\/p>\n<p>Unsere erfahrenen Mitarbeitenden begleiten und unterst\u00fctzen Sie bei allen wichtigen Tests:<\/p>\n<ul>\n<li>System-Test:<br \/>Mit fundiertem versicherungsfachlichem und technischem Know-how erstellen wir System-Testf\u00e4lle und f\u00fchren sie durch. Ob manuell oder zur Sicherstellung bereits vorhandener Funktionalit\u00e4t maschinell als Regressionstest.<br \/>Anhand von Referenzsystemen oder manuellen Berechnungen \u00fcberpr\u00fcfen wir im mathematisch-aktuariellen Test die Ergebnisse des Rechenkerns.<\/li>\n<li>End-to-End-Test:<br \/>F\u00fcr die End-To-End-Betrachtung ist es wichtig, die IT-Architektur eines Versicherungsunternehmens in Ihrer Gesamtheit zu erfassen und durch den Einsatz der richtigen Tools, Strategien und Designs ein zuverl\u00e4ssiges Ergebnis zu gew\u00e4hrleisten. Im System-Test ist fachliche und technische Tiefe wichtig. Im End-to-end-Test ist das Verst\u00e4ndnis f\u00fcr komplexe Prozesse und das Wissen \u00fcber den Datenaustausch zwischen den Systemen entscheident.<\/li>\n<\/ul>\n<p>[\/et_pb_accordion_item][et_pb_accordion_item title=&#8220;Test-Management&#8220; _builder_version=&#8220;4.17.3&#8243; _module_preset=&#8220;default&#8220; global_colors_info=&#8220;{}&#8220; open=&#8220;off&#8220;]<img loading=\"lazy\" src=\"https:\/\/advice1.de\/wp-content\/uploads\/2022\/07\/Icon-leisutngsangebot-TEST-ANALYSTEN-UND-TEST-MANAGER.png\" width=\"158\" height=\"70\" alt=\"\" class=\"wp-image-2496 alignnone size-full\" \/><\/p>\n<p>Dar\u00fcber hinaus unterst\u00fctzen wir sie mit einem umfassenden und zuverl\u00e4ssigen Test-Management: Wir \u00fcbernehmen Konzeption, zeitliche Planung, Koordination der Testeinheiten, Abstimmung der Abteilungen und das Reporting an die obere F\u00fchrungsebene. Unsere Berater behalten stets den \u00dcberblick und einen k\u00fchlen Kopf, auch wenn es im Eifer des Testgeschehens mal hoch hergeht.[\/et_pb_accordion_item][\/et_pb_accordion][et_pb_text _builder_version=&#8220;4.17.3&#8243; border_style=&#8220;solid&#8220; global_colors_info=&#8220;{}&#8220;]<\/p>\n<p>Bei weiteren Fragen erreichen Sie uns \u00fcber die <a href=\"https:\/\/advice1.de\/index.php\/kontakt\/\" title=\"Kontaktseite\">Kontaktseite<\/a>.<\/p>\n<p>[\/et_pb_text][et_pb_text admin_label=&#8220;Leer Abstandshalter&#8220; _builder_version=&#8220;4.16&#8243; border_style=&#8220;solid&#8220; saved_tabs=&#8220;all&#8220; global_colors_info=&#8220;{}&#8220;][\/et_pb_text][\/et_pb_column][\/et_pb_row][\/et_pb_section]<\/p>\n","protected":false},"excerpt":{"rendered":"<p>SOFTWARE-TESTSNeben Konzeption und Entwicklung entfallen in jedem IT-Projekt ein Drittel der Kapazit\u00e4ten auf den Test der Software. Wir bieten Ihnen:Das zeigt, wie wichtig Software-Tests sind. Da einheitliche Standards einen gro\u00dfen Mehrwert beim Testen bieten, f\u00f6rdern wir proaktiv die ISTQB-Zertifizierung unserer Test-Analysten und Test-Manager. Das sichert Qualit\u00e4t und schafft Vertrauen. Unsere erfahrenen Mitarbeitenden begleiten und unterst\u00fctzen [&hellip;]<\/p>\n","protected":false},"author":1,"featured_media":0,"parent":0,"menu_order":0,"comment_status":"closed","ping_status":"closed","template":"","meta":{"_et_pb_use_builder":"on","_et_pb_old_content":"","_et_gb_content_width":""},"_links":{"self":[{"href":"https:\/\/advice1.de\/index.php\/wp-json\/wp\/v2\/pages\/2024"}],"collection":[{"href":"https:\/\/advice1.de\/index.php\/wp-json\/wp\/v2\/pages"}],"about":[{"href":"https:\/\/advice1.de\/index.php\/wp-json\/wp\/v2\/types\/page"}],"author":[{"embeddable":true,"href":"https:\/\/advice1.de\/index.php\/wp-json\/wp\/v2\/users\/1"}],"replies":[{"embeddable":true,"href":"https:\/\/advice1.de\/index.php\/wp-json\/wp\/v2\/comments?post=2024"}],"version-history":[{"count":40,"href":"https:\/\/advice1.de\/index.php\/wp-json\/wp\/v2\/pages\/2024\/revisions"}],"predecessor-version":[{"id":2774,"href":"https:\/\/advice1.de\/index.php\/wp-json\/wp\/v2\/pages\/2024\/revisions\/2774"}],"wp:attachment":[{"href":"https:\/\/advice1.de\/index.php\/wp-json\/wp\/v2\/media?parent=2024"}],"curies":[{"name":"wp","href":"https:\/\/api.w.org\/{rel}","templated":true}]}}