{"id":1992,"date":"2020-02-19T17:46:15","date_gmt":"2020-02-19T17:46:15","guid":{"rendered":"https:\/\/advice1.de\/?page_id=1992"},"modified":"2023-05-31T09:30:03","modified_gmt":"2023-05-31T09:30:03","slug":"aktuarielle_beratung","status":"publish","type":"page","link":"https:\/\/advice1.de\/index.php\/aktuarielle_beratung\/","title":{"rendered":"Actuarial Consulting"},"content":{"rendered":"<p>[et_pb_section fb_built=&#8220;1&#8243; fullwidth=&#8220;on&#8220; admin_label=&#8220;Galerie&#8220; _builder_version=&#8220;4.17.3&#8243; _module_preset=&#8220;default&#8220; global_colors_info=&#8220;{}&#8220;][et_pb_fullwidth_image src=&#8220;https:\/\/advice1.de\/wp-content\/uploads\/2023\/01\/ACTUARIAL-CONSULTING-200.jpg&#8220; title_text=&#8220;ACTUARIAL-CONSULTING-200&#8243; _builder_version=&#8220;4.17.3&#8243; _module_preset=&#8220;default&#8220; global_colors_info=&#8220;{}&#8220;][\/et_pb_fullwidth_image][\/et_pb_section][et_pb_section fb_built=&#8220;1&#8243; custom_padding_last_edited=&#8220;on|desktop&#8220; admin_label=&#8220;section&#8220; module_id=&#8220;start&#8220; _builder_version=&#8220;4.16&#8243; background_color=&#8220;rgba(255,255,255,0)&#8220; custom_padding=&#8220;50px||25px|&#8220; custom_padding_tablet=&#8220;50px|0|50px|0&#8243; custom_padding_phone=&#8220;&#8220; animation_style=&#8220;fade&#8220; transparent_background=&#8220;on&#8220; global_colors_info=&#8220;{}&#8220;][et_pb_row column_padding_mobile=&#8220;on&#8220; admin_label=&#8220;row&#8220; _builder_version=&#8220;4.16&#8243; background_size=&#8220;initial&#8220; background_position=&#8220;top_left&#8220; background_repeat=&#8220;repeat&#8220; custom_padding=&#8220;||0px|&#8220; global_colors_info=&#8220;{}&#8220;][et_pb_column type=&#8220;4_4&#8243; _builder_version=&#8220;4.16&#8243; custom_padding=&#8220;|||&#8220; global_colors_info=&#8220;{}&#8220; custom_padding__hover=&#8220;|||&#8220;][et_pb_text admin_label=&#8220;Titel Actuarial Consulting&#8220; _builder_version=&#8220;4.16&#8243; border_style=&#8220;solid&#8220; global_colors_info=&#8220;{}&#8220;]<\/p>\n<h1><span style=\"color: #001000; font-size: xx-large;\">ACTUARIAL CONSULTING<\/span> <img loading=\"lazy\" class=\"alignnone size-full wp-image-2148\" src=\"https:\/\/advice1.de\/wp-content\/uploads\/2020\/02\/Aktuarielle_Beratung_Advice1.png\" alt=\"\" width=\"64\" height=\"70\" \/><\/h1>\n<p>[\/et_pb_text][\/et_pb_column][\/et_pb_row][et_pb_row column_padding_mobile=&#8220;on&#8220; custom_padding_last_edited=&#8220;on|phone&#8220; admin_label=&#8220;row&#8220; _builder_version=&#8220;4.16&#8243; background_size=&#8220;initial&#8220; background_position=&#8220;top_left&#8220; background_repeat=&#8220;repeat&#8220; custom_padding=&#8220;45px||0px|&#8220; custom_padding_tablet=&#8220;&#8220; custom_padding_phone=&#8220;0px||0px|&#8220; global_colors_info=&#8220;{}&#8220;][et_pb_column type=&#8220;4_4&#8243; _builder_version=&#8220;4.16&#8243; custom_padding=&#8220;|||&#8220; global_colors_info=&#8220;{}&#8220; custom_padding__hover=&#8220;|||&#8220;][et_pb_text _builder_version=&#8220;4.17.3&#8243; border_style=&#8220;solid&#8220; global_colors_info=&#8220;{}&#8220;]<\/p>\n<p><strong>Neue Produkte, Vertriebswege und neue Datenverarbeitungsm\u00f6glichkeiten entwickeln sich in einem rasanten Tempo.<\/strong><\/p>\n<p>Unsere Mathematiker\/DAV-Aktuare unterst\u00fctzen Sie dabei, diese Chancen zu nutzen und gleichzeitig Herausforderungen wie Kostendruck und Renditeerwartungen zu ber\u00fccksichtigen. Wir bewerten f\u00fcr Sie finanzielle Risiken und Unsicherheiten, zeigen M\u00f6glichkeiten auf und finden Antworten auf Ihre Fragen.<\/p>\n<p>In diesen Bereichen beraten und begleiten wir Sie:<\/p>\n<p>[\/et_pb_text][et_pb_accordion toggle_icon=&#8220;&#xe050;||divi||400&#8243; icon_color=&#8220;#aad03f&#8220; use_icon_font_size=&#8220;on&#8220; icon_font_size=&#8220;28px&#8220; _builder_version=&#8220;4.17.3&#8243; _module_preset=&#8220;default&#8220; toggle_level=&#8220;h4&#8243; toggle_font=&#8220;|600|||||||&#8220; global_colors_info=&#8220;{}&#8220;][et_pb_accordion_item title=&#8220;Entwicklung neuer Produkte&#8220; open=&#8220;off&#8220; _builder_version=&#8220;4.17.3&#8243; _module_preset=&#8220;default&#8220; global_colors_info=&#8220;{}&#8220;]<img loading=\"lazy\" src=\"https:\/\/advice1.de\/wp-content\/uploads\/2022\/07\/Icon-leisutngsangebot-ACTUARIAL-CONSULTING.png\" width=\"158\" height=\"70\" alt=\"\" class=\"wp-image-2485 alignnone size-full\" \/><br \/>\nUnsere Aktuare unterst\u00fctzen Sie bei der Konzeption von Tarifen und Gesch\u00e4ftsvorf\u00e4llen und \u00fcbernehmen das Profit-Testing.[\/et_pb_accordion_item][et_pb_accordion_item title=&#8220;Risikomanagement und Modellierung&#8220; _builder_version=&#8220;4.17.3&#8243; _module_preset=&#8220;default&#8220; global_colors_info=&#8220;{}&#8220; open=&#8220;off&#8220;]<img loading=\"lazy\" src=\"https:\/\/advice1.de\/wp-content\/uploads\/2022\/07\/Icon-leisutngsangebot-ACTUARIAL-CONSULTING.png\" width=\"158\" height=\"70\" alt=\"\" class=\"wp-image-2485 alignnone size-full\" \/><br \/>\nStresstests, Worst-Case-Szenarien und Simulationen geben Antworten auf offene Fragen und zeigen M\u00f6glichkeiten und Risiken auf.[\/et_pb_accordion_item][et_pb_accordion_item title=&#8220;Mathematischer Test&#8220; _builder_version=&#8220;4.17.3&#8243; _module_preset=&#8220;default&#8220; global_colors_info=&#8220;{}&#8220; open=&#8220;on&#8220;]<img loading=\"lazy\" src=\"https:\/\/advice1.de\/wp-content\/uploads\/2022\/07\/Icon-leisutngsangebot-ACTUARIAL-CONSULTING.png\" width=\"158\" height=\"70\" alt=\"\" class=\"wp-image-2485 alignnone size-full\" \/><br \/>\nWir verifizieren einzelne Werte eines Rechenkerns sowie die Ergebnisse der Transformationsregeln im Rahmen einer Bestandsmigration. Wir f\u00fchren den Regressionstest durch und \u00fcbernehmen die Erstellung und Pflege der Referenzwerte.[\/et_pb_accordion_item][et_pb_accordion_item title=&#8220;Bestand-Analysen&#8220; _builder_version=&#8220;4.17.3&#8243; _module_preset=&#8220;default&#8220; global_colors_info=&#8220;{}&#8220; open=&#8220;off&#8220;]<img loading=\"lazy\" src=\"https:\/\/advice1.de\/wp-content\/uploads\/2022\/07\/Icon-leisutngsangebot-ACTUARIAL-CONSULTING.png\" width=\"158\" height=\"70\" alt=\"\" class=\"wp-image-2485 alignnone size-full\" \/><br \/>\nSie planen eine Bestandsmigration? Wir f\u00fchren mit DAV-Methoden Bestandsanalysen durch. Dabei f\u00fchren wir Deep Dives f\u00fcr Teilbest\u00e4nde durch und analysieren, welche Auswirkungen verschiedene Ereignisse f\u00fcr diese Teilbest\u00e4nde haben k\u00f6nnen. Au\u00dferdem analysieren wir die Profitabilit\u00e4t einzelner Teilbest\u00e4nde.[\/et_pb_accordion_item][\/et_pb_accordion][et_pb_text _builder_version=&#8220;4.17.3&#8243; border_style=&#8220;solid&#8220; global_colors_info=&#8220;{}&#8220;]<\/p>\n<p>Bei weiteren Fragen erreichen Sie uns \u00fcber die <a href=\"https:\/\/advice1.de\/index.php\/kontakt\/\" title=\"Kontaktseite\">Kontaktseite<\/a>.<\/p>\n<p>[\/et_pb_text][et_pb_text admin_label=&#8220;Leer Abstandshalter&#8220; _builder_version=&#8220;4.16&#8243; border_style=&#8220;solid&#8220; saved_tabs=&#8220;all&#8220; global_colors_info=&#8220;{}&#8220;][\/et_pb_text][\/et_pb_column][\/et_pb_row][et_pb_row column_padding_mobile=&#8220;on&#8220; custom_padding_last_edited=&#8220;on|phone&#8220; disabled_on=&#8220;on|on|on&#8220; admin_label=&#8220;row&#8220; _builder_version=&#8220;4.17.3&#8243; background_size=&#8220;initial&#8220; background_position=&#8220;top_left&#8220; background_repeat=&#8220;repeat&#8220; custom_padding=&#8220;45px||0px|&#8220; custom_padding_tablet=&#8220;&#8220; custom_padding_phone=&#8220;0px||0px|&#8220; disabled=&#8220;on&#8220; global_colors_info=&#8220;{}&#8220;][et_pb_column type=&#8220;4_4&#8243; _builder_version=&#8220;4.16&#8243; custom_padding=&#8220;|||&#8220; global_colors_info=&#8220;{}&#8220; custom_padding__hover=&#8220;|||&#8220;][et_pb_text admin_label=&#8220;Slogan&#8220; _builder_version=&#8220;4.16&#8243; text_font_size=&#8220;21&#8243; border_style=&#8220;solid&#8220; saved_tabs=&#8220;all&#8220; global_colors_info=&#8220;{}&#8220;]<\/p>\n<p style=\"text-align: center;\"><strong>1Solution.Advice1.<\/strong><\/p>\n<p>[\/et_pb_text][et_pb_text admin_label=&#8220;Leer Abstandshalter&#8220; _builder_version=&#8220;4.16&#8243; border_style=&#8220;solid&#8220; saved_tabs=&#8220;all&#8220; global_colors_info=&#8220;{}&#8220;][\/et_pb_text][\/et_pb_column][\/et_pb_row][\/et_pb_section]<\/p>\n","protected":false},"excerpt":{"rendered":"<p>ACTUARIAL CONSULTING Neue Produkte, Vertriebswege und neue Datenverarbeitungsm\u00f6glichkeiten entwickeln sich in einem rasanten Tempo. Unsere Mathematiker\/DAV-Aktuare unterst\u00fctzen Sie dabei, diese Chancen zu nutzen und gleichzeitig Herausforderungen wie Kostendruck und Renditeerwartungen zu ber\u00fccksichtigen. Wir bewerten f\u00fcr Sie finanzielle Risiken und Unsicherheiten, zeigen M\u00f6glichkeiten auf und finden Antworten auf Ihre Fragen. In diesen Bereichen beraten und begleiten [&hellip;]<\/p>\n","protected":false},"author":1,"featured_media":0,"parent":0,"menu_order":0,"comment_status":"closed","ping_status":"closed","template":"","meta":{"_et_pb_use_builder":"on","_et_pb_old_content":"","_et_gb_content_width":""},"_links":{"self":[{"href":"https:\/\/advice1.de\/index.php\/wp-json\/wp\/v2\/pages\/1992"}],"collection":[{"href":"https:\/\/advice1.de\/index.php\/wp-json\/wp\/v2\/pages"}],"about":[{"href":"https:\/\/advice1.de\/index.php\/wp-json\/wp\/v2\/types\/page"}],"author":[{"embeddable":true,"href":"https:\/\/advice1.de\/index.php\/wp-json\/wp\/v2\/users\/1"}],"replies":[{"embeddable":true,"href":"https:\/\/advice1.de\/index.php\/wp-json\/wp\/v2\/comments?post=1992"}],"version-history":[{"count":37,"href":"https:\/\/advice1.de\/index.php\/wp-json\/wp\/v2\/pages\/1992\/revisions"}],"predecessor-version":[{"id":2782,"href":"https:\/\/advice1.de\/index.php\/wp-json\/wp\/v2\/pages\/1992\/revisions\/2782"}],"wp:attachment":[{"href":"https:\/\/advice1.de\/index.php\/wp-json\/wp\/v2\/media?parent=1992"}],"curies":[{"name":"wp","href":"https:\/\/api.w.org\/{rel}","templated":true}]}}