{"id":1564,"date":"2018-02-03T20:47:32","date_gmt":"2018-02-03T20:47:32","guid":{"rendered":"https:\/\/advice1.de\/?page_id=1564"},"modified":"2024-01-29T19:51:42","modified_gmt":"2024-01-29T19:51:42","slug":"advice1","status":"publish","type":"page","link":"https:\/\/advice1.de\/","title":{"rendered":"advice1"},"content":{"rendered":"<p>[et_pb_section fb_built=&#8220;1&#8243; fullwidth=&#8220;on&#8220; _builder_version=&#8220;4.17.3&#8243; _module_preset=&#8220;default&#8220; global_colors_info=&#8220;{}&#8220;][et_pb_fullwidth_image src=&#8220;https:\/\/advice1.de\/wp-content\/uploads\/2024\/01\/Advice1-Consulting-GmbH.jpg&#8220; title_text=&#8220;Advice1-Consulting-GmbH&#8220; _builder_version=&#8220;4.17.3&#8243; _module_preset=&#8220;default&#8220; global_colors_info=&#8220;{}&#8220;][\/et_pb_fullwidth_image][\/et_pb_section][et_pb_section fb_built=&#8220;1&#8243; custom_padding_last_edited=&#8220;on|desktop&#8220; admin_label=&#8220;section&#8220; module_id=&#8220;Wirsindanders&#8220; _builder_version=&#8220;4.16&#8243; background_color=&#8220;rgba(255,255,255,0)&#8220; custom_padding=&#8220;50px||0px|&#8220; custom_padding_tablet=&#8220;50px|0px|50px|0px&#8220; custom_padding_phone=&#8220;&#8220; animation_style=&#8220;fade&#8220; transparent_background=&#8220;on&#8220; global_colors_info=&#8220;{}&#8220;][et_pb_row padding_mobile=&#8220;off&#8220; column_padding_mobile=&#8220;on&#8220; admin_label=&#8220;row&#8220; _builder_version=&#8220;4.16&#8243; background_size=&#8220;initial&#8220; background_position=&#8220;top_left&#8220; background_repeat=&#8220;repeat&#8220; custom_padding=&#8220;|&#8220; make_fullwidth=&#8220;off&#8220; use_custom_width=&#8220;off&#8220; width_unit=&#8220;on&#8220; global_colors_info=&#8220;{}&#8220;][et_pb_column type=&#8220;4_4&#8243; _builder_version=&#8220;4.16&#8243; custom_padding=&#8220;|||&#8220; global_colors_info=&#8220;{}&#8220; custom_padding__hover=&#8220;|||&#8220;][et_pb_text admin_label=&#8220;Text \u00dcber uns&#8220; _builder_version=&#8220;4.17.3&#8243; border_style=&#8220;solid&#8220; global_colors_info=&#8220;{}&#8220;]<\/p>\n<p><strong>advice1 \u2013 Wir machen Ihre Best\u00e4nde fit f\u00fcr die Zukunft<\/strong><\/p>\n<p>Sie suchen Support bei der Weiterentwicklung der IT-Landschaft?<br \/>Advice1 unterst\u00fctzt Versicherungsunternehmen bei Workflows und technischen Prozessen von Bestandsf\u00fchrungssystemen und deren Nachbarsystemen.<\/p>\n<p>Dazu geh\u00f6ren IT-Projekte, Vorstudien und Linien-T\u00e4tigkeiten zu Gesch\u00e4ftsprozessen und Actuarial Consulting.<\/p>\n<p>Unser Team besteht aus erfahrenen Business-AnalystInnen, Test-AnalystInnen und AktuarInnen, welche fachliche, technische und koordinative Aufgaben wahrnehmen. Wir begleiten sie bei Migrationen, Bestands- und Fehlerkorrekturen, Software-Tests, Produktentwicklungen, Bilanzierung, Modellierung, Controlling, Data Analytics und k\u00fcnstlicher Intelligenz &#8211; vor Ort und remote.<\/p>\n<p>Wir wollen unser Team erweitern und suchen mehrere Mitarbeitende.<\/p>\n<p>[\/et_pb_text][\/et_pb_column][\/et_pb_row][et_pb_row column_structure=&#8220;1_3,1_3,1_3&#8243; _builder_version=&#8220;4.17.3&#8243; _module_preset=&#8220;default&#8220; custom_margin=&#8220;0px||||false|false&#8220; custom_padding=&#8220;0px||||false|false&#8220; global_colors_info=&#8220;{}&#8220;][et_pb_column type=&#8220;1_3&#8243; _builder_version=&#8220;4.17.3&#8243; _module_preset=&#8220;default&#8220; global_colors_info=&#8220;{}&#8220;][et_pb_image src=&#8220;https:\/\/advice1.de\/wp-content\/uploads\/2023\/01\/Karriere.png&#8220; title_text=&#8220;Karriere&#8220; url=&#8220;https:\/\/advice1.de\/index.php\/karriere\/&#8220; _builder_version=&#8220;4.17.3&#8243; _module_preset=&#8220;default&#8220; global_colors_info=&#8220;{}&#8220;][\/et_pb_image][\/et_pb_column][et_pb_column type=&#8220;1_3&#8243; _builder_version=&#8220;4.17.3&#8243; _module_preset=&#8220;default&#8220; global_colors_info=&#8220;{}&#8220;][\/et_pb_column][et_pb_column type=&#8220;1_3&#8243; _builder_version=&#8220;4.17.3&#8243; _module_preset=&#8220;default&#8220; global_colors_info=&#8220;{}&#8220;][\/et_pb_column][\/et_pb_row][et_pb_row _builder_version=&#8220;4.17.3&#8243; _module_preset=&#8220;default&#8220; custom_padding=&#8220;0px|||||&#8220; global_colors_info=&#8220;{}&#8220;][et_pb_column type=&#8220;4_4&#8243; _builder_version=&#8220;4.17.3&#8243; _module_preset=&#8220;default&#8220; global_colors_info=&#8220;{}&#8220;][\/et_pb_column][\/et_pb_row][\/et_pb_section]<\/p>\n","protected":false},"excerpt":{"rendered":"<p>advice1 \u2013 Wir machen Ihre Best\u00e4nde fit f\u00fcr die Zukunft Sie suchen Support bei der Weiterentwicklung der IT-Landschaft?Advice1 unterst\u00fctzt Versicherungsunternehmen bei Workflows und technischen Prozessen von Bestandsf\u00fchrungssystemen und deren Nachbarsystemen. Dazu geh\u00f6ren IT-Projekte, Vorstudien und Linien-T\u00e4tigkeiten zu Gesch\u00e4ftsprozessen und Actuarial Consulting. Unser Team besteht aus erfahrenen Business-AnalystInnen, Test-AnalystInnen und AktuarInnen, welche fachliche, technische und koordinative [&hellip;]<\/p>\n","protected":false},"author":1,"featured_media":0,"parent":0,"menu_order":0,"comment_status":"closed","ping_status":"closed","template":"","meta":{"_et_pb_use_builder":"on","_et_pb_old_content":"","_et_gb_content_width":""},"_links":{"self":[{"href":"https:\/\/advice1.de\/index.php\/wp-json\/wp\/v2\/pages\/1564"}],"collection":[{"href":"https:\/\/advice1.de\/index.php\/wp-json\/wp\/v2\/pages"}],"about":[{"href":"https:\/\/advice1.de\/index.php\/wp-json\/wp\/v2\/types\/page"}],"author":[{"embeddable":true,"href":"https:\/\/advice1.de\/index.php\/wp-json\/wp\/v2\/users\/1"}],"replies":[{"embeddable":true,"href":"https:\/\/advice1.de\/index.php\/wp-json\/wp\/v2\/comments?post=1564"}],"version-history":[{"count":181,"href":"https:\/\/advice1.de\/index.php\/wp-json\/wp\/v2\/pages\/1564\/revisions"}],"predecessor-version":[{"id":2823,"href":"https:\/\/advice1.de\/index.php\/wp-json\/wp\/v2\/pages\/1564\/revisions\/2823"}],"wp:attachment":[{"href":"https:\/\/advice1.de\/index.php\/wp-json\/wp\/v2\/media?parent=1564"}],"curies":[{"name":"wp","href":"https:\/\/api.w.org\/{rel}","templated":true}]}}